{"id":216138,"date":"2021-01-11T10:49:24","date_gmt":"2021-01-11T08:49:24","guid":{"rendered":"https:\/\/dimousystems.gr\/shop\/thermal-printer-bixolon-srp-f310ii\/"},"modified":"2021-02-11T11:18:56","modified_gmt":"2021-02-11T09:18:56","slug":"thermal-printer-bixolon-srp-f310ii","status":"publish","type":"product","link":"https:\/\/dimousystems.gr\/en\/shop\/thermal-printer-bixolon-srp-f310ii\/","title":{"rendered":"THERMAL PRINTER BIXOLON SRP-F310II"},"content":{"rendered":"<p>[et_pb_section fb_built=&#8221;1&#8243; _builder_version=&#8221;3.22&#8243; custom_padding=&#8221;0px||||false|false&#8221;][et_pb_row _builder_version=&#8221;3.25&#8243; background_size=&#8221;initial&#8221; background_position=&#8221;top_left&#8221; background_repeat=&#8221;repeat&#8221; width=&#8221;100%&#8221; custom_padding=&#8221;0px||0px||false|false&#8221;][et_pb_column type=&#8221;4_4&#8243; _builder_version=&#8221;3.25&#8243; custom_padding=&#8221;|||&#8221; custom_padding__hover=&#8221;|||&#8221;][et_pb_wc_breadcrumb _builder_version=&#8221;3.0.47&#8243;][\/et_pb_wc_breadcrumb][et_pb_wc_cart_notice _builder_version=&#8221;3.0.47&#8243;][\/et_pb_wc_cart_notice][\/et_pb_column][\/et_pb_row][et_pb_row column_structure=&#8221;1_2,1_2&#8243; _builder_version=&#8221;3.25&#8243; background_size=&#8221;initial&#8221; background_position=&#8221;top_left&#8221; background_repeat=&#8221;repeat&#8221; width=&#8221;100%&#8221; custom_padding=&#8221;0px||||false|false&#8221;][et_pb_column type=&#8221;1_2&#8243; _builder_version=&#8221;3.25&#8243; custom_padding=&#8221;|||&#8221; custom_padding__hover=&#8221;|||&#8221;][et_pb_wc_images _builder_version=&#8221;3.0.47&#8243;][\/et_pb_wc_images][\/et_pb_column][et_pb_column type=&#8221;1_2&#8243; _builder_version=&#8221;3.25&#8243; custom_padding=&#8221;|||&#8221; custom_padding__hover=&#8221;|||&#8221;][et_pb_wc_title _builder_version=&#8221;3.0.47&#8243;][\/et_pb_wc_title][et_pb_wc_rating _builder_version=&#8221;3.0.47&#8243;][\/et_pb_wc_rating][et_pb_wc_price _builder_version=&#8221;3.0.47&#8243;][\/et_pb_wc_price][et_pb_wc_description _builder_version=&#8221;3.0.47&#8243;][\/et_pb_wc_description][et_pb_wc_add_to_cart _builder_version=&#8221;3.0.47&#8243;][\/et_pb_wc_add_to_cart][et_pb_wc_meta _builder_version=&#8221;3.0.47&#8243;][\/et_pb_wc_meta][\/et_pb_column][\/et_pb_row][et_pb_row _builder_version=&#8221;3.25&#8243; background_size=&#8221;initial&#8221; background_position=&#8221;top_left&#8221; background_repeat=&#8221;repeat&#8221; width=&#8221;100%&#8221;][et_pb_column type=&#8221;4_4&#8243; _builder_version=&#8221;3.25&#8243; custom_padding=&#8221;|||&#8221; custom_padding__hover=&#8221;|||&#8221;][et_pb_wc_tabs _builder_version=&#8221;3.0.47&#8243;]\t\t\t\t\t[\/et_pb_wc_tabs][et_pb_wc_upsells _builder_version=&#8221;3.0.47&#8243;][\/et_pb_wc_upsells][et_pb_wc_related_products _builder_version=&#8221;3.0.47&#8243;][\/et_pb_wc_related_products][\/et_pb_column][\/et_pb_row][\/et_pb_section]<\/p>\n","protected":false},"excerpt":{"rendered":"<p>[et_pb_section fb_built=&#8221;1&#8243; _builder_version=&#8221;3.22&#8243; custom_padding=&#8221;0px||||false|false&#8221;][et_pb_row _builder_version=&#8221;3.25&#8243; background_size=&#8221;initial&#8221; background_position=&#8221;top_left&#8221; background_repeat=&#8221;repeat&#8221; width=&#8221;100%&#8221; custom_padding=&#8221;0px||0px||false|false&#8221;][et_pb_column type=&#8221;4_4&#8243; _builder_version=&#8221;3.25&#8243; custom_padding=&#8221;|||&#8221; custom_padding__hover=&#8221;|||&#8221;][et_pb_wc_breadcrumb _builder_version=&#8221;3.0.47&#8243;][\/et_pb_wc_breadcrumb][et_pb_wc_cart_notice _builder_version=&#8221;3.0.47&#8243;][\/et_pb_wc_cart_notice][\/et_pb_column][\/et_pb_row][et_pb_row column_structure=&#8221;1_2,1_2&#8243; _builder_version=&#8221;3.25&#8243; background_size=&#8221;initial&#8221; background_position=&#8221;top_left&#8221; background_repeat=&#8221;repeat&#8221; width=&#8221;100%&#8221; custom_padding=&#8221;0px||||false|false&#8221;][et_pb_column type=&#8221;1_2&#8243; _builder_version=&#8221;3.25&#8243; custom_padding=&#8221;|||&#8221; custom_padding__hover=&#8221;|||&#8221;][et_pb_wc_images _builder_version=&#8221;3.0.47&#8243;][\/et_pb_wc_images][\/et_pb_column][et_pb_column type=&#8221;1_2&#8243; _builder_version=&#8221;3.25&#8243; custom_padding=&#8221;|||&#8221; custom_padding__hover=&#8221;|||&#8221;][et_pb_wc_title _builder_version=&#8221;3.0.47&#8243;][\/et_pb_wc_title][et_pb_wc_rating _builder_version=&#8221;3.0.47&#8243;][\/et_pb_wc_rating][et_pb_wc_price _builder_version=&#8221;3.0.47&#8243;][\/et_pb_wc_price][et_pb_wc_description _builder_version=&#8221;3.0.47&#8243;][\/et_pb_wc_description][et_pb_wc_add_to_cart _builder_version=&#8221;3.0.47&#8243;][\/et_pb_wc_add_to_cart][et_pb_wc_meta _builder_version=&#8221;3.0.47&#8243;][\/et_pb_wc_meta][\/et_pb_column][\/et_pb_row][et_pb_row _builder_version=&#8221;3.25&#8243; background_size=&#8221;initial&#8221; background_position=&#8221;top_left&#8221; background_repeat=&#8221;repeat&#8221; width=&#8221;100%&#8221;][et_pb_column type=&#8221;4_4&#8243; _builder_version=&#8221;3.25&#8243; custom_padding=&#8221;|||&#8221; custom_padding__hover=&#8221;|||&#8221;][et_pb_wc_tabs _builder_version=&#8221;3.0.47&#8243;] [\/et_pb_wc_tabs][et_pb_wc_upsells _builder_version=&#8221;3.0.47&#8243;][\/et_pb_wc_upsells][et_pb_wc_related_products _builder_version=&#8221;3.0.47&#8243;][\/et_pb_wc_related_products][\/et_pb_column][\/et_pb_row][\/et_pb_section]<\/p>\n","protected":false},"featured_media":215103,"comment_status":"closed","ping_status":"closed","template":"","meta":{"_et_pb_use_builder":"on","_et_pb_old_content":"Thermal printer for receipts  CHARACTERISTICS Printer Specifications  Print Method: Direct Thermal (Front Exit)  Print Speed: 350 mm\/sec Print Resolution :  SRP-F310II: 180 dpi (512 dots)  SRP-F312II: 203 dpi (576 dots)  SRP-F313II: 203 dpi (640 dots)  Print Width:  SRP-F310II: Up to 72 mm  SRP-F312II: Up to 72 mm  SRP-F313II: Up to 80 mm Sensor: Paper End, Paper Near End, Cover Open Media Characteristics Media Type: Receipt Media Width: 80 \/ 83 mm Media Roll Diameter: Up to 105 mm Media Thickness: 0.062 ~ 0.075 mm Supply Method: Easy Paper Loading Physical Characteristics Dimensions (WxLxD): 154 x 203 x 148 mm (6.06 x 7.99 x 5.82 inch)  Weight: 2.00 kg (4.40 lbs.)  Power:  EnergyStar Certified External Power Adaptor 100-240V AV, 50\/60Hz Drawer Port: 2 ports (Via y-type adaptor)  Performance Characteristics Memory: 64 Mbit SDRAM, 32 Mbit FlashROM NV Image Memory: 768 Kbytes (Mono)  Receive Buffer: 4Kbytes User Define Buffer: 12Kbytes Interface:  Triple Interface:  Built-in USB V2.0 & Ethernet + Optional Serial, Parallel, Powered USB, Bluetooth or WLAN* * WLAN: 802.11b\/g\/n **  Bluetooth: Class 1 (100 m), MFi certified Environment Characteristics Temperature:  Operating: 0 ~ 40\u2103 (32 ~ 104\u2109)  Storage: -20 ~ 60\u2103 (-4 ~ 140\u2109) Humidity:  Operating: 10 ~ 80% RH  Storage: 10 ~ 90% RH Reliability Thermal Print Head (TPH): 250 km *** Auto Cutter: 3 Million Cuts *** *** Specified Paper - TF50KS-E (Paper thickness: 65\u03bcm) : Nippon Paper industries Co., Ltd. -  PD 150R (Paper thickness: 75\u03bcm) : New Oji Paper Mfg, Co., Ltd - PD 160R (Paper thickness:  75\u03bcm) : New Oji Paper Mfg, Co., Ltd. - P350 (Paper thickness: 62\u03bcm) : Kansaki Specialty  Paper, Inc. (USA)  Software Emulation: BXL \/ POS Driver:  Windows Driver, OPOS Driver, JPOS Driver, Linux \/ Mac CUPS Driver, Virtual COM USB\/Ethernet Driver, Utility Program SDK:  Fonts \/ Graphics \/ Symbologies  iOS SDK, Android SDK Character Size:  Font A: 12 \u00d7 24 Font B: 9 \u00d7 17 Font C: 9 \u00d7 24 KOR, CHN, JPN: 24 x 24 Characters Per Line:  SRP-F310II: Font A: 42 Font B, C: 56 KOR, CHN, JPN: 21  SRP-F312II: Font A: 48 Font B, C: 64 KOR, CHN, JPN: 24  SRP-F313II: Font A: 53 Font B, C: 71 KOR, CHN, JPN: 26 Character Sets:  Alphanumeric: 95 Expanded  Graphics:128 \u00d7 33 page  International: 32 Graphics:  Supporting User-Defined Fonts, Graphics, Formats, and Logos Barcode Symbologies:  1D: Coda Bar, Code39, Code93, Code128, EAN-8, EAN-13, ITF, UPC-A, UPC-E  2D: Data Matrix, PDF417, QR Code","_et_gb_content_width":""},"product_cat":[110,112],"product_tag":[],"_links":{"self":[{"href":"https:\/\/dimousystems.gr\/en\/wp-json\/wp\/v2\/product\/216138"}],"collection":[{"href":"https:\/\/dimousystems.gr\/en\/wp-json\/wp\/v2\/product"}],"about":[{"href":"https:\/\/dimousystems.gr\/en\/wp-json\/wp\/v2\/types\/product"}],"replies":[{"embeddable":true,"href":"https:\/\/dimousystems.gr\/en\/wp-json\/wp\/v2\/comments?post=216138"}],"wp:featuredmedia":[{"embeddable":true,"href":"https:\/\/dimousystems.gr\/en\/wp-json\/wp\/v2\/media\/215103"}],"wp:attachment":[{"href":"https:\/\/dimousystems.gr\/en\/wp-json\/wp\/v2\/media?parent=216138"}],"wp:term":[{"taxonomy":"product_cat","embeddable":true,"href":"https:\/\/dimousystems.gr\/en\/wp-json\/wp\/v2\/product_cat?post=216138"},{"taxonomy":"product_tag","embeddable":true,"href":"https:\/\/dimousystems.gr\/en\/wp-json\/wp\/v2\/product_tag?post=216138"}],"curies":[{"name":"wp","href":"https:\/\/api.w.org\/{rel}","templated":true}]}}